{"id":12216,"date":"2025-12-17T19:41:01","date_gmt":"2025-12-17T18:41:01","guid":{"rendered":"https:\/\/www.grupo-tice.com\/?page_id=12216"},"modified":"2026-03-05T16:58:57","modified_gmt":"2026-03-05T15:58:57","slug":"infografias","status":"publish","type":"page","link":"https:\/\/www.grupo-tice.com\/en\/infografias\/","title":{"rendered":"Infographics"},"content":{"rendered":"<div data-elementor-type=\"wp-page\" data-elementor-id=\"12216\" class=\"elementor elementor-12216\" data-elementor-post-type=\"page\">\n\t\t\t\t<div class=\"elementor-element elementor-element-61ad93b0 e-flex e-con-boxed e-con e-parent\" data-id=\"61ad93b0\" data-element_type=\"container\" data-e-type=\"container\" data-settings=\"{&quot;background_background&quot;:&quot;classic&quot;}\">\n\t\t\t\t\t<div class=\"e-con-inner\">\n\t\t<div class=\"elementor-element elementor-element-471d7ce8 e-con-full e-flex e-con e-child\" data-id=\"471d7ce8\" data-element_type=\"container\" data-e-type=\"container\">\n\t\t<div class=\"elementor-element elementor-element-460b040c e-con-full e-flex e-con e-child\" data-id=\"460b040c\" data-element_type=\"container\" data-e-type=\"container\">\n\t\t\t\t<div class=\"elementor-element elementor-element-2c33749d elementor-widget-mobile__width-inherit elementor-widget elementor-widget-heading\" data-id=\"2c33749d\" data-element_type=\"widget\" data-e-type=\"widget\" data-widget_type=\"heading.default\">\n\t\t\t\t\t<h1 class=\"elementor-heading-title elementor-size-default\">Infographics<\/h1>\t\t\t\t<\/div>\n\t\t\t\t<\/div>\n\t\t\t\t<\/div>\n\t\t\t\t\t<\/div>\n\t\t\t\t<\/div>\n\t\t<div class=\"elementor-element elementor-element-2d74d488 e-flex e-con-boxed e-con e-parent\" data-id=\"2d74d488\" data-element_type=\"container\" data-e-type=\"container\" data-settings=\"{&quot;background_background&quot;:&quot;classic&quot;}\">\n\t\t\t\t\t<div class=\"e-con-inner\">\n\t\t\t\t<div class=\"elementor-element elementor-element-556ed90 elementor-gallery--filter-align-center elementor-widget elementor-widget-gallery\" data-id=\"556ed90\" data-element_type=\"widget\" data-e-type=\"widget\" data-settings=\"{&quot;columns&quot;:2,&quot;gap&quot;:{&quot;unit&quot;:&quot;px&quot;,&quot;size&quot;:20,&quot;sizes&quot;:[]},&quot;gap_tablet&quot;:{&quot;unit&quot;:&quot;px&quot;,&quot;size&quot;:15,&quot;sizes&quot;:[]},&quot;aspect_ratio&quot;:&quot;16:9&quot;,&quot;image_hover_animation&quot;:&quot;grow&quot;,&quot;columns_tablet&quot;:1,&quot;lazyload&quot;:&quot;yes&quot;,&quot;gallery_layout&quot;:&quot;grid&quot;,&quot;columns_mobile&quot;:1,&quot;gap_mobile&quot;:{&quot;unit&quot;:&quot;px&quot;,&quot;size&quot;:10,&quot;sizes&quot;:[]},&quot;link_to&quot;:&quot;file&quot;,&quot;show_all_galleries&quot;:&quot;yes&quot;,&quot;content_hover_animation&quot;:&quot;fade-in&quot;}\" data-widget_type=\"gallery.default\">\n\t\t\t\t\t\t\t\t<div class=\"elementor-gallery__titles-container e--pointer-framed e--animation-corners\" aria-label=\"Filtro de galer\u00eda\">\n\t\t\t\t\t\t\t\t\t<a class=\"elementor-item elementor-gallery-title\" role=\"button\" tabindex=\"0\" data-gallery-index=\"all\">\n\t\t\t\t\t\tTodas\t\t\t\t\t<\/a>\n\t\t\t\t\n\t\t\t\t\t\t\t\t\t<a class=\"elementor-item elementor-gallery-title\" role=\"button\" tabindex=\"0\" data-gallery-index=\"0\">\n\t\t\t\t\t\tCE Marking\t\t\t\t\t<\/a>\n\t\t\t\t\t\t\t\t\t\t<a class=\"elementor-item elementor-gallery-title\" role=\"button\" tabindex=\"0\" data-gallery-index=\"1\">\n\t\t\t\t\t\tAcoustics\t\t\t\t\t<\/a>\n\t\t\t\t\t\t\t\t<\/div>\n\t\t\t\t\t<div class=\"elementor-gallery__container\">\n\t\t\t\t\t\t\t<a class=\"e-gallery-item elementor-gallery-item elementor-animated-content\" data-e-gallery-tags=\"0\" href=\"https:\/\/www.grupo-tice.com\/wp-content\/uploads\/2026\/03\/guia-rapida-marcado-ce-en-maquinas.jpg\" data-elementor-open-lightbox=\"yes\" data-elementor-lightbox-slideshow=\"556ed90\" data-elementor-lightbox-title=\"guia-rapida-marcado-ce-en-maquinas\" data-e-action-hash=\"#elementor-action%3Aaction%3Dlightbox%26settings%3DeyJpZCI6MTU0MjIsInVybCI6Imh0dHBzOlwvXC93d3cuZ3J1cG8tdGljZS5jb21cL3dwLWNvbnRlbnRcL3VwbG9hZHNcLzIwMjZcLzAzXC9ndWlhLXJhcGlkYS1tYXJjYWRvLWNlLWVuLW1hcXVpbmFzLmpwZyIsInNsaWRlc2hvdyI6IjU1NmVkOTAifQ%3D%3D\">\n\t\t\t\t\t<div class=\"e-gallery-image elementor-gallery-item__image\" data-thumbnail=\"https:\/\/www.grupo-tice.com\/wp-content\/uploads\/2026\/03\/guia-rapida-marcado-ce-en-maquinas.jpg\" data-width=\"1920\" data-height=\"1080\" aria-label=\"\" role=\"img\" ><\/div>\n\t\t\t\t\t\t\t\t\t\t\t\t\t\t<\/a>\n\t\t\t\t\t\t\t<a class=\"e-gallery-item elementor-gallery-item elementor-animated-content\" data-e-gallery-tags=\"1\" href=\"https:\/\/www.grupo-tice.com\/wp-content\/uploads\/2026\/03\/guia-ruido-vibraciones-ascensores.jpg\" data-elementor-open-lightbox=\"yes\" data-elementor-lightbox-slideshow=\"556ed90\" data-elementor-lightbox-title=\"guia-ruido-vibraciones-ascensores\" data-e-action-hash=\"#elementor-action%3Aaction%3Dlightbox%26settings%3DeyJpZCI6MTU0MjAsInVybCI6Imh0dHBzOlwvXC93d3cuZ3J1cG8tdGljZS5jb21cL3dwLWNvbnRlbnRcL3VwbG9hZHNcLzIwMjZcLzAzXC9ndWlhLXJ1aWRvLXZpYnJhY2lvbmVzLWFzY2Vuc29yZXMuanBnIiwic2xpZGVzaG93IjoiNTU2ZWQ5MCJ9\">\n\t\t\t\t\t<div class=\"e-gallery-image elementor-gallery-item__image\" data-thumbnail=\"https:\/\/www.grupo-tice.com\/wp-content\/uploads\/2026\/03\/guia-ruido-vibraciones-ascensores.jpg\" data-width=\"1920\" data-height=\"1080\" aria-label=\"\" role=\"img\" ><\/div>\n\t\t\t\t\t\t\t\t\t\t\t\t\t\t<\/a>\n\t\t\t\t\t<\/div>\n\t\t\t\t\t<\/div>\n\t\t\t\t\t<\/div>\n\t\t\t\t<\/div>\n\t\t\t\t<\/div>","protected":false},"excerpt":{"rendered":"<p>Infograf\u00edas Todas Marcado CE Ac\u00fastica<\/p>","protected":false},"author":1,"featured_media":0,"parent":0,"menu_order":0,"comment_status":"closed","ping_status":"closed","template":"","meta":{"footnotes":""},"class_list":["post-12216","page","type-page","status-publish","hentry"],"yoast_head":"<!-- This site is optimized with the Yoast SEO Premium plugin v27.4 (Yoast SEO v27.5) - https:\/\/yoast.com\/product\/yoast-seo-premium-wordpress\/ -->\n<title>Infograf\u00edas - Grupo Tice<\/title>\n<meta name=\"robots\" content=\"noindex, nofollow\" \/>\n<meta property=\"og:locale\" content=\"en_GB\" \/>\n<meta property=\"og:type\" content=\"article\" \/>\n<meta property=\"og:title\" content=\"Infograf\u00edas\" \/>\n<meta property=\"og:description\" content=\"Infograf\u00edas Todas Marcado CE Ac\u00fastica\" \/>\n<meta property=\"og:url\" content=\"https:\/\/www.grupo-tice.com\/en\/infografias\/\" \/>\n<meta property=\"og:site_name\" content=\"Grupo Tice\" \/>\n<meta property=\"article:publisher\" content=\"https:\/\/www.facebook.com\/TICEingenieros\" \/>\n<meta property=\"article:modified_time\" content=\"2026-03-05T15:58:57+00:00\" \/>\n<meta name=\"twitter:card\" content=\"summary_large_image\" \/>\n<meta name=\"twitter:label1\" content=\"Est. reading time\" \/>\n\t<meta name=\"twitter:data1\" content=\"1 minute\" \/>\n<script type=\"application\/ld+json\" class=\"yoast-schema-graph\">{\"@context\":\"https:\\\/\\\/schema.org\",\"@graph\":[{\"@type\":\"WebPage\",\"@id\":\"https:\\\/\\\/www.grupo-tice.com\\\/infografias\\\/\",\"url\":\"https:\\\/\\\/www.grupo-tice.com\\\/infografias\\\/\",\"name\":\"Infograf\u00edas - Grupo Tice\",\"isPartOf\":{\"@id\":\"https:\\\/\\\/www.grupo-tice.com\\\/#website\"},\"datePublished\":\"2025-12-17T18:41:01+00:00\",\"dateModified\":\"2026-03-05T15:58:57+00:00\",\"breadcrumb\":{\"@id\":\"https:\\\/\\\/www.grupo-tice.com\\\/infografias\\\/#breadcrumb\"},\"inLanguage\":\"en-GB\",\"potentialAction\":[{\"@type\":\"ReadAction\",\"target\":[\"https:\\\/\\\/www.grupo-tice.com\\\/infografias\\\/\"]}]},{\"@type\":\"BreadcrumbList\",\"@id\":\"https:\\\/\\\/www.grupo-tice.com\\\/infografias\\\/#breadcrumb\",\"itemListElement\":[{\"@type\":\"ListItem\",\"position\":1,\"name\":\"Home\",\"item\":\"https:\\\/\\\/www.grupo-tice.com\\\/\"},{\"@type\":\"ListItem\",\"position\":2,\"name\":\"Infograf\u00edas\"}]},{\"@type\":\"WebSite\",\"@id\":\"https:\\\/\\\/www.grupo-tice.com\\\/#website\",\"url\":\"https:\\\/\\\/www.grupo-tice.com\\\/\",\"name\":\"Grupo Tice\",\"description\":\"Empresa de Servicios de Ingenier\u00eda que desarrolla soluciones t\u00e9cnicas innovadoras para el sector industrial\",\"publisher\":{\"@id\":\"https:\\\/\\\/www.grupo-tice.com\\\/#organization\"},\"potentialAction\":[{\"@type\":\"SearchAction\",\"target\":{\"@type\":\"EntryPoint\",\"urlTemplate\":\"https:\\\/\\\/www.grupo-tice.com\\\/?s={search_term_string}\"},\"query-input\":{\"@type\":\"PropertyValueSpecification\",\"valueRequired\":true,\"valueName\":\"search_term_string\"}}],\"inLanguage\":\"en-GB\"},{\"@type\":\"Organization\",\"@id\":\"https:\\\/\\\/www.grupo-tice.com\\\/#organization\",\"name\":\"Grupo Tice\",\"url\":\"https:\\\/\\\/www.grupo-tice.com\\\/\",\"logo\":{\"@type\":\"ImageObject\",\"inLanguage\":\"en-GB\",\"@id\":\"https:\\\/\\\/www.grupo-tice.com\\\/#\\\/schema\\\/logo\\\/image\\\/\",\"url\":\"https:\\\/\\\/www.grupo-tice.com\\\/wp-content\\\/uploads\\\/2025\\\/11\\\/Grupo-Tice-servicios-ingenieria-industrial-logo.png\",\"contentUrl\":\"https:\\\/\\\/www.grupo-tice.com\\\/wp-content\\\/uploads\\\/2025\\\/11\\\/Grupo-Tice-servicios-ingenieria-industrial-logo.png\",\"width\":700,\"height\":250,\"caption\":\"Grupo Tice\"},\"image\":{\"@id\":\"https:\\\/\\\/www.grupo-tice.com\\\/#\\\/schema\\\/logo\\\/image\\\/\"},\"sameAs\":[\"https:\\\/\\\/www.facebook.com\\\/TICEingenieros\",\"https:\\\/\\\/www.instagram.com\\\/grupotice\\\/\",\"https:\\\/\\\/www.linkedin.com\\\/company\\\/grupo-tice-ingenieros\\\/\"]}]}<\/script>\n<!-- \/ Yoast SEO Premium plugin. -->","yoast_head_json":{"title":"Infograf\u00edas - Grupo Tice","robots":{"index":"noindex","follow":"nofollow"},"og_locale":"en_GB","og_type":"article","og_title":"Infograf\u00edas","og_description":"Infograf\u00edas Todas Marcado CE Ac\u00fastica","og_url":"https:\/\/www.grupo-tice.com\/en\/infografias\/","og_site_name":"Grupo Tice","article_publisher":"https:\/\/www.facebook.com\/TICEingenieros","article_modified_time":"2026-03-05T15:58:57+00:00","twitter_card":"summary_large_image","twitter_misc":{"Est. reading time":"1 minute"},"schema":{"@context":"https:\/\/schema.org","@graph":[{"@type":"WebPage","@id":"https:\/\/www.grupo-tice.com\/infografias\/","url":"https:\/\/www.grupo-tice.com\/infografias\/","name":"Infograf\u00edas - Grupo Tice","isPartOf":{"@id":"https:\/\/www.grupo-tice.com\/#website"},"datePublished":"2025-12-17T18:41:01+00:00","dateModified":"2026-03-05T15:58:57+00:00","breadcrumb":{"@id":"https:\/\/www.grupo-tice.com\/infografias\/#breadcrumb"},"inLanguage":"en-GB","potentialAction":[{"@type":"ReadAction","target":["https:\/\/www.grupo-tice.com\/infografias\/"]}]},{"@type":"BreadcrumbList","@id":"https:\/\/www.grupo-tice.com\/infografias\/#breadcrumb","itemListElement":[{"@type":"ListItem","position":1,"name":"Home","item":"https:\/\/www.grupo-tice.com\/"},{"@type":"ListItem","position":2,"name":"Infograf\u00edas"}]},{"@type":"WebSite","@id":"https:\/\/www.grupo-tice.com\/#website","url":"https:\/\/www.grupo-tice.com\/","name":"Tice Group","description":"Engineering Services Company that develops innovative technical solutions for the industrial sector","publisher":{"@id":"https:\/\/www.grupo-tice.com\/#organization"},"potentialAction":[{"@type":"SearchAction","target":{"@type":"EntryPoint","urlTemplate":"https:\/\/www.grupo-tice.com\/?s={search_term_string}"},"query-input":{"@type":"PropertyValueSpecification","valueRequired":true,"valueName":"search_term_string"}}],"inLanguage":"en-GB"},{"@type":"Organization","@id":"https:\/\/www.grupo-tice.com\/#organization","name":"Tice Group","url":"https:\/\/www.grupo-tice.com\/","logo":{"@type":"ImageObject","inLanguage":"en-GB","@id":"https:\/\/www.grupo-tice.com\/#\/schema\/logo\/image\/","url":"https:\/\/www.grupo-tice.com\/wp-content\/uploads\/2025\/11\/Grupo-Tice-servicios-ingenieria-industrial-logo.png","contentUrl":"https:\/\/www.grupo-tice.com\/wp-content\/uploads\/2025\/11\/Grupo-Tice-servicios-ingenieria-industrial-logo.png","width":700,"height":250,"caption":"Grupo Tice"},"image":{"@id":"https:\/\/www.grupo-tice.com\/#\/schema\/logo\/image\/"},"sameAs":["https:\/\/www.facebook.com\/TICEingenieros","https:\/\/www.instagram.com\/grupotice\/","https:\/\/www.linkedin.com\/company\/grupo-tice-ingenieros\/"]}]}},"_links":{"self":[{"href":"https:\/\/www.grupo-tice.com\/en\/wp-json\/wp\/v2\/pages\/12216","targetHints":{"allow":["GET"]}}],"collection":[{"href":"https:\/\/www.grupo-tice.com\/en\/wp-json\/wp\/v2\/pages"}],"about":[{"href":"https:\/\/www.grupo-tice.com\/en\/wp-json\/wp\/v2\/types\/page"}],"author":[{"embeddable":true,"href":"https:\/\/www.grupo-tice.com\/en\/wp-json\/wp\/v2\/users\/1"}],"replies":[{"embeddable":true,"href":"https:\/\/www.grupo-tice.com\/en\/wp-json\/wp\/v2\/comments?post=12216"}],"version-history":[{"count":0,"href":"https:\/\/www.grupo-tice.com\/en\/wp-json\/wp\/v2\/pages\/12216\/revisions"}],"wp:attachment":[{"href":"https:\/\/www.grupo-tice.com\/en\/wp-json\/wp\/v2\/media?parent=12216"}],"curies":[{"name":"wp","href":"https:\/\/api.w.org\/{rel}","templated":true}]}}