{"id":12213,"date":"2025-12-17T19:35:47","date_gmt":"2025-12-17T18:35:47","guid":{"rendered":"https:\/\/www.grupo-tice.com\/?page_id=12213"},"modified":"2026-02-19T10:40:29","modified_gmt":"2026-02-19T09:40:29","slug":"documentos-tecnicos","status":"publish","type":"page","link":"https:\/\/www.grupo-tice.com\/en\/documentos-tecnicos\/","title":{"rendered":"Technical Documents"},"content":{"rendered":"<div data-elementor-type=\"wp-page\" data-elementor-id=\"12213\" class=\"elementor elementor-12213\" data-elementor-post-type=\"page\">\n\t\t\t\t<div class=\"elementor-element elementor-element-57145a39 e-flex e-con-boxed e-con e-parent\" data-id=\"57145a39\" data-element_type=\"container\" data-e-type=\"container\" data-settings=\"{&quot;background_background&quot;:&quot;classic&quot;}\">\n\t\t\t\t\t<div class=\"e-con-inner\">\n\t\t<div class=\"elementor-element elementor-element-7f06cc4 e-con-full e-flex e-con e-child\" data-id=\"7f06cc4\" data-element_type=\"container\" data-e-type=\"container\">\n\t\t<div class=\"elementor-element elementor-element-33b8aa99 e-con-full e-flex e-con e-child\" data-id=\"33b8aa99\" data-element_type=\"container\" data-e-type=\"container\">\n\t\t\t\t<div class=\"elementor-element elementor-element-4cc2b287 elementor-widget-mobile__width-inherit elementor-widget elementor-widget-heading\" data-id=\"4cc2b287\" data-element_type=\"widget\" data-e-type=\"widget\" data-widget_type=\"heading.default\">\n\t\t\t\t\t<h1 class=\"elementor-heading-title elementor-size-default\">Technical Documents<\/h1>\t\t\t\t<\/div>\n\t\t\t\t<\/div>\n\t\t\t\t<\/div>\n\t\t\t\t\t<\/div>\n\t\t\t\t<\/div>\n\t\t<div class=\"elementor-element elementor-element-aa939f9 e-flex e-con-boxed e-con e-parent\" data-id=\"aa939f9\" data-element_type=\"container\" data-e-type=\"container\" data-settings=\"{&quot;background_background&quot;:&quot;classic&quot;}\">\n\t\t\t\t\t<div class=\"e-con-inner\">\n\t\t\t\t<div class=\"elementor-element elementor-element-51701b5 e-n-tabs-mobile elementor-widget elementor-widget-n-tabs\" data-id=\"51701b5\" data-element_type=\"widget\" data-e-type=\"widget\" data-settings=\"{&quot;tabs_justify_horizontal&quot;:&quot;center&quot;,&quot;horizontal_scroll&quot;:&quot;disable&quot;}\" data-widget_type=\"nested-tabs.default\">\n\t\t\t\t\t\t\t<div class=\"e-n-tabs\" data-widget-number=\"85393845\" aria-label=\"Pesta\u00f1as. Abre elementos con Intro o Espacio, ci\u00e9rralos con Escape y navega con las fechas.\">\n\t\t\t<div class=\"e-n-tabs-heading\" role=\"tablist\">\n\t\t\t\t\t<button id=\"e-n-tab-title-853938451\" data-tab-title-id=\"e-n-tab-title-853938451\" class=\"e-n-tab-title\" aria-selected=\"true\" data-tab-index=\"1\" role=\"tab\" tabindex=\"0\" aria-controls=\"e-n-tab-content-853938451\" style=\"--n-tabs-title-order: 1;\">\n\t\t\t\t\t\t<span class=\"e-n-tab-title-text\">\n\t\t\t\tEnvironmental Policy\t\t\t<\/span>\n\t\t<\/button>\n\t\t\t\t\t<\/div>\n\t\t\t<div class=\"e-n-tabs-content\">\n\t\t\t\t<div id=\"e-n-tab-content-853938451\" role=\"tabpanel\" aria-labelledby=\"e-n-tab-title-853938451\" data-tab-index=\"1\" style=\"--n-tabs-title-order: 1;\" class=\"e-active elementor-element elementor-element-0dd964e e-con-full e-flex e-con e-child\" data-id=\"0dd964e\" data-element_type=\"container\" data-e-type=\"container\">\n\t\t\t\t<div class=\"elementor-element elementor-element-0a20936 elementor-widget elementor-widget-ucaddon_pdf_viewer\" data-id=\"0a20936\" data-element_type=\"widget\" data-e-type=\"widget\" data-widget_type=\"ucaddon_pdf_viewer.default\">\n\t\t\t\t<div class=\"elementor-widget-container\">\n\t\t\t\t\t\n<!-- start PDF Viewer -->\n<style>\/* widget: PDF Viewer *\/\n\n#uc_pdf_viewer_elementor_0a20936{\n  min-height: 1px;\n}\n\n#uc_pdf_viewer_elementor_0a20936 .ue-pdf-viewer-nav-buttons{\n  display: flex;\n}\n\n#uc_pdf_viewer_elementor_0a20936 .ue-pdf-viewer-nav-arrow{\n  display: inline-flex;\n  align-items: center;\n  justify-content: center;\n  cursor: pointer;\n}\n\n#uc_pdf_viewer_elementor_0a20936 .ue-pdf-viewer-nav-arrow-icon{\n  display: flex;\n  align-items: center;\n  justify-content: center;\n}\n\n#uc_pdf_viewer_elementor_0a20936 .ue-pdf-viewer-nav{\n  display: flex;\n}\n\n#uc_pdf_viewer_elementor_0a20936 .ue-pdf-viewer-fullscreen{\n  display: inline-block;\n  transition: all .3s ease;\n}\n\n<\/style>\n\n\n<div id=\"uc_pdf_viewer_elementor_0a20936\" class=\"ue-pdf-viewer\" role=\"region\" aria-label=\"PDF document viewer\">\n  \n      \n  \t  <div class=\"ue-pdf-viewer-nav\">\n  \n        \t\n\n                  <div class=\"ue-pdf-viewer-pages\" aria-live=\"polite\">\n            <span class=\"ue-pdf-viewer-pages-page_num\"><\/span> \/ <span class=\"ue-pdf-viewer-pages-page_count\"><\/span>\n          <\/div>\n          \t\n\n              <a class=\"ue-pdf-viewer-fullscreen\" href=\"https:\/\/www.grupo-tice.com\/wp-content\/uploads\/2025\/11\/grupo-tice-politica-mediambiental.pdf\"  target='_blank' rel='nofollow' role=\"button\" aria-label=\"View PDF in fullscreen\">Abrir y descargar PDF<\/a>\n  \n        \n      <\/div>  \n\n      <canvas class=\"ue-pdf-viewer-canvas\"><\/canvas>\n  \t\t\n       \n  \n    <\/div>\n\n<script type=\"module\">\n\n<\/script>\n<!-- end PDF Viewer -->\t\t\t\t<\/div>\n\t\t\t\t<\/div>\n\t\t\t\t<\/div>\n\t\t\t\t\t<\/div>\n\t\t<\/div>\n\t\t\t\t\t\t<\/div>\n\t\t\t\t\t<\/div>\n\t\t\t\t<\/div>\n\t\t\t\t<\/div>","protected":false},"excerpt":{"rendered":"<p>Documentos T\u00e9cnicos Pol\u00edtica Medioambiental \/ Abrir y descargar PDF \/ Abrir y descargar PDF<\/p>","protected":false},"author":1,"featured_media":0,"parent":0,"menu_order":0,"comment_status":"closed","ping_status":"closed","template":"","meta":{"footnotes":""},"class_list":["post-12213","page","type-page","status-publish","hentry"],"yoast_head":"<!-- This site is optimized with the Yoast SEO Premium plugin v27.4 (Yoast SEO v27.5) - https:\/\/yoast.com\/product\/yoast-seo-premium-wordpress\/ -->\n<title>Documentos T\u00e9cnicos - Grupo Tice<\/title>\n<meta name=\"robots\" content=\"noindex, nofollow\" \/>\n<meta property=\"og:locale\" content=\"en_GB\" \/>\n<meta property=\"og:type\" content=\"article\" \/>\n<meta property=\"og:title\" content=\"Documentos T\u00e9cnicos\" \/>\n<meta property=\"og:description\" content=\"Documentos T\u00e9cnicos Pol\u00edtica Medioambiental \/ Abrir y descargar PDF \/ Abrir y descargar PDF\" \/>\n<meta property=\"og:url\" content=\"https:\/\/www.grupo-tice.com\/en\/documentos-tecnicos\/\" \/>\n<meta property=\"og:site_name\" content=\"Grupo Tice\" \/>\n<meta property=\"article:publisher\" content=\"https:\/\/www.facebook.com\/TICEingenieros\" \/>\n<meta property=\"article:modified_time\" content=\"2026-02-19T09:40:29+00:00\" \/>\n<meta name=\"twitter:card\" content=\"summary_large_image\" \/>\n<meta name=\"twitter:label1\" content=\"Est. reading time\" \/>\n\t<meta name=\"twitter:data1\" content=\"1 minute\" \/>\n<script type=\"application\/ld+json\" class=\"yoast-schema-graph\">{\"@context\":\"https:\\\/\\\/schema.org\",\"@graph\":[{\"@type\":\"WebPage\",\"@id\":\"https:\\\/\\\/www.grupo-tice.com\\\/documentos-tecnicos\\\/\",\"url\":\"https:\\\/\\\/www.grupo-tice.com\\\/documentos-tecnicos\\\/\",\"name\":\"Documentos T\u00e9cnicos - Grupo Tice\",\"isPartOf\":{\"@id\":\"https:\\\/\\\/www.grupo-tice.com\\\/#website\"},\"datePublished\":\"2025-12-17T18:35:47+00:00\",\"dateModified\":\"2026-02-19T09:40:29+00:00\",\"breadcrumb\":{\"@id\":\"https:\\\/\\\/www.grupo-tice.com\\\/documentos-tecnicos\\\/#breadcrumb\"},\"inLanguage\":\"en-GB\",\"potentialAction\":[{\"@type\":\"ReadAction\",\"target\":[\"https:\\\/\\\/www.grupo-tice.com\\\/documentos-tecnicos\\\/\"]}]},{\"@type\":\"BreadcrumbList\",\"@id\":\"https:\\\/\\\/www.grupo-tice.com\\\/documentos-tecnicos\\\/#breadcrumb\",\"itemListElement\":[{\"@type\":\"ListItem\",\"position\":1,\"name\":\"Home\",\"item\":\"https:\\\/\\\/www.grupo-tice.com\\\/\"},{\"@type\":\"ListItem\",\"position\":2,\"name\":\"Documentos T\u00e9cnicos\"}]},{\"@type\":\"WebSite\",\"@id\":\"https:\\\/\\\/www.grupo-tice.com\\\/#website\",\"url\":\"https:\\\/\\\/www.grupo-tice.com\\\/\",\"name\":\"Grupo Tice\",\"description\":\"Empresa de Servicios de Ingenier\u00eda que desarrolla soluciones t\u00e9cnicas innovadoras para el sector industrial\",\"publisher\":{\"@id\":\"https:\\\/\\\/www.grupo-tice.com\\\/#organization\"},\"potentialAction\":[{\"@type\":\"SearchAction\",\"target\":{\"@type\":\"EntryPoint\",\"urlTemplate\":\"https:\\\/\\\/www.grupo-tice.com\\\/?s={search_term_string}\"},\"query-input\":{\"@type\":\"PropertyValueSpecification\",\"valueRequired\":true,\"valueName\":\"search_term_string\"}}],\"inLanguage\":\"en-GB\"},{\"@type\":\"Organization\",\"@id\":\"https:\\\/\\\/www.grupo-tice.com\\\/#organization\",\"name\":\"Grupo Tice\",\"url\":\"https:\\\/\\\/www.grupo-tice.com\\\/\",\"logo\":{\"@type\":\"ImageObject\",\"inLanguage\":\"en-GB\",\"@id\":\"https:\\\/\\\/www.grupo-tice.com\\\/#\\\/schema\\\/logo\\\/image\\\/\",\"url\":\"https:\\\/\\\/www.grupo-tice.com\\\/wp-content\\\/uploads\\\/2025\\\/11\\\/Grupo-Tice-servicios-ingenieria-industrial-logo.png\",\"contentUrl\":\"https:\\\/\\\/www.grupo-tice.com\\\/wp-content\\\/uploads\\\/2025\\\/11\\\/Grupo-Tice-servicios-ingenieria-industrial-logo.png\",\"width\":700,\"height\":250,\"caption\":\"Grupo Tice\"},\"image\":{\"@id\":\"https:\\\/\\\/www.grupo-tice.com\\\/#\\\/schema\\\/logo\\\/image\\\/\"},\"sameAs\":[\"https:\\\/\\\/www.facebook.com\\\/TICEingenieros\",\"https:\\\/\\\/www.instagram.com\\\/grupotice\\\/\",\"https:\\\/\\\/www.linkedin.com\\\/company\\\/grupo-tice-ingenieros\\\/\"]}]}<\/script>\n<!-- \/ Yoast SEO Premium plugin. -->","yoast_head_json":{"title":"Documentos T\u00e9cnicos - Grupo Tice","robots":{"index":"noindex","follow":"nofollow"},"og_locale":"en_GB","og_type":"article","og_title":"Documentos T\u00e9cnicos","og_description":"Documentos T\u00e9cnicos Pol\u00edtica Medioambiental \/ Abrir y descargar PDF \/ Abrir y descargar PDF","og_url":"https:\/\/www.grupo-tice.com\/en\/documentos-tecnicos\/","og_site_name":"Grupo Tice","article_publisher":"https:\/\/www.facebook.com\/TICEingenieros","article_modified_time":"2026-02-19T09:40:29+00:00","twitter_card":"summary_large_image","twitter_misc":{"Est. reading time":"1 minute"},"schema":{"@context":"https:\/\/schema.org","@graph":[{"@type":"WebPage","@id":"https:\/\/www.grupo-tice.com\/documentos-tecnicos\/","url":"https:\/\/www.grupo-tice.com\/documentos-tecnicos\/","name":"Documentos T\u00e9cnicos - Grupo Tice","isPartOf":{"@id":"https:\/\/www.grupo-tice.com\/#website"},"datePublished":"2025-12-17T18:35:47+00:00","dateModified":"2026-02-19T09:40:29+00:00","breadcrumb":{"@id":"https:\/\/www.grupo-tice.com\/documentos-tecnicos\/#breadcrumb"},"inLanguage":"en-GB","potentialAction":[{"@type":"ReadAction","target":["https:\/\/www.grupo-tice.com\/documentos-tecnicos\/"]}]},{"@type":"BreadcrumbList","@id":"https:\/\/www.grupo-tice.com\/documentos-tecnicos\/#breadcrumb","itemListElement":[{"@type":"ListItem","position":1,"name":"Home","item":"https:\/\/www.grupo-tice.com\/"},{"@type":"ListItem","position":2,"name":"Documentos T\u00e9cnicos"}]},{"@type":"WebSite","@id":"https:\/\/www.grupo-tice.com\/#website","url":"https:\/\/www.grupo-tice.com\/","name":"Tice Group","description":"Engineering Services Company that develops innovative technical solutions for the industrial sector","publisher":{"@id":"https:\/\/www.grupo-tice.com\/#organization"},"potentialAction":[{"@type":"SearchAction","target":{"@type":"EntryPoint","urlTemplate":"https:\/\/www.grupo-tice.com\/?s={search_term_string}"},"query-input":{"@type":"PropertyValueSpecification","valueRequired":true,"valueName":"search_term_string"}}],"inLanguage":"en-GB"},{"@type":"Organization","@id":"https:\/\/www.grupo-tice.com\/#organization","name":"Tice Group","url":"https:\/\/www.grupo-tice.com\/","logo":{"@type":"ImageObject","inLanguage":"en-GB","@id":"https:\/\/www.grupo-tice.com\/#\/schema\/logo\/image\/","url":"https:\/\/www.grupo-tice.com\/wp-content\/uploads\/2025\/11\/Grupo-Tice-servicios-ingenieria-industrial-logo.png","contentUrl":"https:\/\/www.grupo-tice.com\/wp-content\/uploads\/2025\/11\/Grupo-Tice-servicios-ingenieria-industrial-logo.png","width":700,"height":250,"caption":"Grupo Tice"},"image":{"@id":"https:\/\/www.grupo-tice.com\/#\/schema\/logo\/image\/"},"sameAs":["https:\/\/www.facebook.com\/TICEingenieros","https:\/\/www.instagram.com\/grupotice\/","https:\/\/www.linkedin.com\/company\/grupo-tice-ingenieros\/"]}]}},"_links":{"self":[{"href":"https:\/\/www.grupo-tice.com\/en\/wp-json\/wp\/v2\/pages\/12213","targetHints":{"allow":["GET"]}}],"collection":[{"href":"https:\/\/www.grupo-tice.com\/en\/wp-json\/wp\/v2\/pages"}],"about":[{"href":"https:\/\/www.grupo-tice.com\/en\/wp-json\/wp\/v2\/types\/page"}],"author":[{"embeddable":true,"href":"https:\/\/www.grupo-tice.com\/en\/wp-json\/wp\/v2\/users\/1"}],"replies":[{"embeddable":true,"href":"https:\/\/www.grupo-tice.com\/en\/wp-json\/wp\/v2\/comments?post=12213"}],"version-history":[{"count":0,"href":"https:\/\/www.grupo-tice.com\/en\/wp-json\/wp\/v2\/pages\/12213\/revisions"}],"wp:attachment":[{"href":"https:\/\/www.grupo-tice.com\/en\/wp-json\/wp\/v2\/media?parent=12213"}],"curies":[{"name":"wp","href":"https:\/\/api.w.org\/{rel}","templated":true}]}}